{"id":7918,"date":"2023-07-07T11:48:45","date_gmt":"2023-07-07T09:48:45","guid":{"rendered":"https:\/\/valladolidhomesuites.com\/politique-en-matiere-de-cookies\/"},"modified":"2023-10-18T13:51:32","modified_gmt":"2023-10-18T11:51:32","slug":"politique-en-matiere-de-cookies","status":"publish","type":"page","link":"https:\/\/valladolidhomesuites.com\/fr\/politique-en-matiere-de-cookies\/","title":{"rendered":"Politique en mati\u00e9re de cookies"},"content":{"rendered":"<p>[et_pb_section fb_built=\u00a0\u00bb1&Prime; admin_label=\u00a0\u00bbBreadcrumbs\u00a0\u00bb module_id=\u00a0\u00bbbreadcrumbs\u00a0\u00bb _builder_version=\u00a0\u00bb4.19.5&Prime; background_color=\u00a0\u00bb#1B42AF\u00a0\u00bb custom_padding=\u00a0\u00bb||||false|false\u00a0\u00bb global_module=\u00a0\u00bb3246&Prime; saved_tabs=\u00a0\u00bball\u00a0\u00bb locked=\u00a0\u00bboff\u00a0\u00bb collapsed=\u00a0\u00bboff\u00a0\u00bb global_colors_info=\u00a0\u00bb{}\u00a0\u00bb][et_pb_row _builder_version=\u00a0\u00bb4.19.5&Prime; custom_padding=\u00a0\u00bb15px||15px||false|false\u00a0\u00bb global_colors_info=\u00a0\u00bb{}\u00a0\u00bb][et_pb_column type=\u00a0\u00bb4_4&Prime; _builder_version=\u00a0\u00bb4.16&Prime; global_colors_info=\u00a0\u00bb{}\u00a0\u00bb][et_pb_code _builder_version=\u00a0\u00bb4.21.0&Prime; text_orientation=\u00a0\u00bbcenter\u00a0\u00bb locked=\u00a0\u00bboff\u00a0\u00bb global_colors_info=\u00a0\u00bb{}\u00a0\u00bb]<nav aria-label=\"breadcrumbs\" class=\"rank-math-breadcrumb\"><p><span class=\"last\">Inicio<\/span><\/p><\/nav>[\/et_pb_code][\/et_pb_column][\/et_pb_row][\/et_pb_section][et_pb_section fb_built=\u00a0\u00bb1&Prime; module_class=\u00a0\u00bbseccion\u00a0\u00bb _builder_version=\u00a0\u00bb4.16&Prime; vertical_offset_tablet=\u00a0\u00bb0&Prime; horizontal_offset_tablet=\u00a0\u00bb0&Prime; z_index_tablet=\u00a0\u00bb0&Prime; box_shadow_horizontal_tablet=\u00a0\u00bb0px\u00a0\u00bb box_shadow_vertical_tablet=\u00a0\u00bb0px\u00a0\u00bb box_shadow_blur_tablet=\u00a0\u00bb40px\u00a0\u00bb box_shadow_spread_tablet=\u00a0\u00bb0px\u00a0\u00bb global_colors_info=\u00a0\u00bb{}\u00a0\u00bb][et_pb_row _builder_version=\u00a0\u00bb4.16&Prime; background_size=\u00a0\u00bbinitial\u00a0\u00bb background_position=\u00a0\u00bbtop_left\u00a0\u00bb background_repeat=\u00a0\u00bbrepeat\u00a0\u00bb global_colors_info=\u00a0\u00bb{}\u00a0\u00bb][et_pb_column type=\u00a0\u00bb4_4&Prime; _builder_version=\u00a0\u00bb4.16&Prime; custom_padding=\u00a0\u00bb|||\u00a0\u00bb global_colors_info=\u00a0\u00bb{}\u00a0\u00bb custom_padding__hover=\u00a0\u00bb|||\u00a0\u00bb][et_pb_post_title meta=\u00a0\u00bboff\u00a0\u00bb featured_image=\u00a0\u00bboff\u00a0\u00bb module_class=\u00a0\u00bbtitulo-pagina\u00a0\u00bb _builder_version=\u00a0\u00bb4.19.5&Prime; vertical_offset_tablet=\u00a0\u00bb0&Prime; horizontal_offset_tablet=\u00a0\u00bb0&Prime; z_index_tablet=\u00a0\u00bb0&Prime; title_text_shadow_horizontal_length_tablet=\u00a0\u00bb0px\u00a0\u00bb title_text_shadow_vertical_length_tablet=\u00a0\u00bb0px\u00a0\u00bb title_text_shadow_blur_strength_tablet=\u00a0\u00bb1px\u00a0\u00bb meta_text_shadow_horizontal_length_tablet=\u00a0\u00bb0px\u00a0\u00bb meta_text_shadow_vertical_length_tablet=\u00a0\u00bb0px\u00a0\u00bb meta_text_shadow_blur_strength_tablet=\u00a0\u00bb1px\u00a0\u00bb box_shadow_horizontal_tablet=\u00a0\u00bb0px\u00a0\u00bb box_shadow_vertical_tablet=\u00a0\u00bb0px\u00a0\u00bb box_shadow_blur_tablet=\u00a0\u00bb40px\u00a0\u00bb box_shadow_spread_tablet=\u00a0\u00bb0px\u00a0\u00bb text_shadow_horizontal_length_tablet=\u00a0\u00bb0px\u00a0\u00bb text_shadow_vertical_length_tablet=\u00a0\u00bb0px\u00a0\u00bb text_shadow_blur_strength_tablet=\u00a0\u00bb1px\u00a0\u00bb global_colors_info=\u00a0\u00bb{}\u00a0\u00bb][\/et_pb_post_title][et_pb_text _builder_version=\u00a0\u00bb4.22.1&Prime; background_size=\u00a0\u00bbinitial\u00a0\u00bb background_position=\u00a0\u00bbtop_left\u00a0\u00bb background_repeat=\u00a0\u00bbrepeat\u00a0\u00bb hover_enabled=\u00a0\u00bb0&Prime; global_colors_info=\u00a0\u00bb{}\u00a0\u00bb sticky_enabled=\u00a0\u00bb0&Prime;]<\/p>\n<p><span class=\"VIiyi\" lang=\"es\"><span class=\"JLqJ4b ChMk0b\" data-language-for-alternatives=\"es\" data-language-to-translate-into=\"en\" data-phrase-index=\"0\">La pr\u00e9sente politique en mati\u00e8re de cookies explique ce que sont les cookies et comment nous les utilisons, les types de cookies que nous utilisons, c&rsquo;est-\u00e0-dire les informations que nous recueillons \u00e0 l&rsquo;aide des cookies et la mani\u00e8re dont ces informations sont utilis\u00e9es, ainsi que la mani\u00e8re de contr\u00f4ler les pr\u00e9f\u00e9rences en mati\u00e8re de cookies.<\/span> <span class=\"JLqJ4b ChMk0b\" data-language-for-alternatives=\"es\" data-language-to-translate-into=\"en\" data-phrase-index=\"1\">Pour plus d&rsquo;informations sur la mani\u00e8re dont nous utilisons, stockons et s\u00e9curisons vos donn\u00e9es personnelles, veuillez consulter notre politique de confidentialit\u00e9.<\/span> <\/span><\/p>\n<p><span class=\"VIiyi\" lang=\"es\"><span class=\"JLqJ4b ChMk0b\" data-language-for-alternatives=\"es\" data-language-to-translate-into=\"en\" data-phrase-index=\"3\">Vous pouvez \u00e0 tout moment modifier ou retirer votre consentement \u00e0 la d\u00e9claration sur les cookies sur notre site web.<\/span> <span class=\"JLqJ4b ChMk0b\" data-language-for-alternatives=\"es\" data-language-to-translate-into=\"en\" data-phrase-index=\"5\">Pour en savoir plus sur qui nous sommes, comment vous pouvez nous contacter et comment nous traitons les donn\u00e9es personnelles, consultez notre politique de confidentialit\u00e9.<\/span> <\/span><\/p>\n<p><span class=\"VIiyi\" lang=\"es\"><span class=\"JLqJ4b ChMk0b\" data-language-for-alternatives=\"es\" data-language-to-translate-into=\"en\" data-phrase-index=\"7\">Votre consentement s&rsquo;applique aux domaines suivants : https:\/\/valladolidhomesuites.com<\/span><\/span><\/p>\n<h2>QUE SONT LES COOKIES ET COMMENT LE SITE WEB ValladolidSuitesHome?<\/h2>\n<p>Les cookies sont des fichiers que le site web ou l&rsquo;application que vous utilisez installe sur votre navigateur ou sur votre appareil (smartphone, tablette ou t\u00e9l\u00e9vision connect\u00e9e) lors de votre visite sur les pages ou l&rsquo;application, et qui sont utilis\u00e9s pour stocker des informations sur votre visite. Comme la plupart des sites web, le site web de VALLADOLIDHOME SUITES utilise des cookies pour :<\/p>\n<ul>\n<li>Veiller \u00e0 ce que les pages web puissent fonctionner correctement<\/li>\n<li>Enregistrez vos pr\u00e9f\u00e9rences, telles que la langue que vous avez s\u00e9lectionn\u00e9e ou la taille de la police.<\/li>\n<li>Connaissez votre exp\u00e9rience de navigation.<\/li>\n<li>recueillir des informations statistiques anonymes, telles que les pages que vous avez consult\u00e9es ou la dur\u00e9e de votre visite sur nos m\u00e9dias.<\/li>\n<\/ul>\n<p>L&rsquo;utilisation de cookies nous permet d&rsquo;optimiser votre navigation, en adaptant les informations et les services propos\u00e9s \u00e0 vos int\u00e9r\u00eats, afin de vous offrir une meilleure exp\u00e9rience \u00e0 chaque fois que vous nous rendez visite. Le site Internet VALLADOLIDHOME SUITES utilise des cookies pour fonctionner, s&rsquo;adapter et faciliter au maximum la navigation de l&rsquo;Utilisateur.<\/p>\n<p>Les cookies sont uniquement associ\u00e9s \u00e0 un utilisateur anonyme et \u00e0 son ordinateur\/appareil et ne fournissent pas de r\u00e9f\u00e9rences permettant de conna\u00eetre des donn\u00e9es personnelles. Vous pouvez \u00e0 tout moment acc\u00e9der aux param\u00e8tres de votre navigateur pour modifier et\/ou bloquer l&rsquo;installation des cookies envoy\u00e9s par le site Internet de [NOM_DE_COMPAGNIE], sans que cela n&#8217;emp\u00eache l&rsquo;acc\u00e8s aux contenus. Toutefois, la qualit\u00e9 du fonctionnement des services peut en \u00eatre affect\u00e9e.<\/p>\n<h3>POURQUOI LES COOKIES SONT-ILS IMPORTANTS ?<\/h3>\n<ul>\n<li>D&rsquo;un point de vue technique, ils permettent au site web de fonctionner de mani\u00e8re plus agile et de s&rsquo;adapter aux pr\u00e9f\u00e9rences des utilisateurs, par exemple en stockant la langue, la devise du pays ou en d\u00e9tectant le dispositif d&rsquo;acc\u00e8s.<\/li>\n<li>Ils \u00e9tablissent des niveaux de protection et de s\u00e9curit\u00e9 qui emp\u00eachent ou entravent les cyber-attaques contre le site web ou ses utilisateurs.<\/li>\n<li>Ils permettent aux gestionnaires de m\u00e9dias d&rsquo;obtenir des donn\u00e9es statistiques collect\u00e9es dans les cookies afin d&rsquo;am\u00e9liorer la qualit\u00e9 et l&rsquo;exp\u00e9rience de leurs services.<\/li>\n<li>Ils sont utilis\u00e9s pour optimiser la publicit\u00e9 que nous montrons aux utilisateurs, en leur proposant la publicit\u00e9 qui correspond le mieux \u00e0 leurs int\u00e9r\u00eats.<\/li>\n<\/ul>\n<h3>QUELS TYPES DE COOKIES UTILISONS-NOUS SUR VALLADOLIDHOME?<\/h3>\n<ol>\n<li> <strong> Analytique<\/strong>: \u00c0 des fins de maintenance p\u00e9riodique et pour garantir le meilleur service possible \u00e0 l&rsquo;utilisateur, ce site Web utilise des cookies \u00ab\u00a0analytiques\u00a0\u00bb pour collecter des statistiques d&rsquo;activit\u00e9. Les informations recueillies sont dans tous les cas anonymes et il n&rsquo;est pas possible d&rsquo;\u00e9tablir un lien entre les sch\u00e9mas de navigation et les personnes physiques. Les utilisateurs peuvent exclure leur activit\u00e9 individuelle au moyen des syst\u00e8mes d&rsquo;exclusion fournis par les fournisseurs des syst\u00e8mes d&rsquo;analyse qui utilisent ces cookies, tels que Google Analytics. Il est possible que ce site utilise plusieurs de ces syst\u00e8mes, et vous pouvez consulter la liste compl\u00e8te dans la liste des cookies \u00e0 la fin de ce document.<\/li>\n<li><strong>Autres cookies \u00e0 usage interne <\/strong>: En outre, ce site web peut utiliser divers cookies pour maintenir les sessions des utilisateurs entre les diff\u00e9rentes connexions aux espaces priv\u00e9s ou d&rsquo;autogestion fournis. Leur d\u00e9sactivation entra\u00eene normalement des inconv\u00e9nients pour l&rsquo;utilisateur sous la forme de fonctionnalit\u00e9s bloqu\u00e9es, et il s&rsquo;agit donc de cookies n\u00e9cessaires au fonctionnement de ce site. Vous pouvez \u00e0 nouveau consulter la liste compl\u00e8te dans la liste des cookies \u00e0 la fin de ce document.<\/li>\n<li><strong>Cookies utilis\u00e9s par les r\u00e9seaux sociaux <\/strong>: En outre, dans la mesure o\u00f9 des plugins sociaux sont utilis\u00e9s, ce site web peut participer \u00e0 diff\u00e9rents r\u00e9seaux sociaux, tels que Facebook, pour permettre aux utilisateurs de partager des contenus qui les int\u00e9ressent avec leur cercle social. Dans la liste des cookies \u00e0 la fin de ce document, vous pouvez v\u00e9rifier les cookies install\u00e9s et les r\u00e9seaux sociaux correspondants.<\/li>\n<li><strong>Cookies utilis\u00e9s par des compl\u00e9ments de contenu externes <\/strong>: Ce site web peut utiliser des compl\u00e9ments d&rsquo;affichage de contenu, tels que Google Maps pour afficher des emplacements g\u00e9ographiques. Leur utilisation implique parfois le renvoi de certains cookies qui sont d\u00e9taill\u00e9s dans la liste \u00e0 la fin du document. Certains de ces cookies sont install\u00e9s et g\u00e9r\u00e9s par les fournisseurs de ces modules compl\u00e9mentaires et ce site web n&rsquo;y a pas acc\u00e8s.<\/li>\n<li><strong>Cookies de tiers pour la personnalisation des espaces publicitaires <\/strong>: Ce site web peut utiliser des serveurs publicitaires et, par cons\u00e9quent, des cookies qui leur sont li\u00e9s pour le profilage bas\u00e9 sur les pr\u00e9f\u00e9rences et le comportement. Dans ce cas, ils seront d\u00e9taill\u00e9s dans la liste figurant \u00e0 la fin de ce document et ne seront pas install\u00e9s si, apr\u00e8s en avoir \u00e9t\u00e9 inform\u00e9 lors de l&rsquo;acc\u00e8s au site, l&rsquo;utilisateur n&rsquo;accepte pas la politique en mati\u00e8re de cookies et ne poursuit donc pas sa navigation.<\/li>\n<\/ol>\n<h3>LISTE ET DESCRIPTION DES COOKIES NIVEAUX D&rsquo;INTRUSION<\/h3>\n<p><strong> <\/strong>Le tableau ci-dessous pr\u00e9sente les cookies susmentionn\u00e9s, en int\u00e9grant un crit\u00e8re de \u00ab\u00a0niveau d&rsquo;intrusion\u00a0\u00bb sur une \u00e9chelle de 1 \u00e0 3 :<\/p>\n<p><strong>Niveau 1:<\/strong> correspond aux cookies \u00e0 usage interne indispensables au fonctionnement du site et donc \u00e0 la fourniture du service demand\u00e9 par l&rsquo;utilisateur, ainsi qu&rsquo;aux cookies g\u00e9r\u00e9s par des tiers dans le seul but de permettre le bon fonctionnement des compl\u00e9ments de contenu externes et donc n\u00e9cessaires \u00e0 l&rsquo;affichage correct de ce site.<br \/><strong>Niveau 2:<\/strong> correspond \u00e0 des cookies anonymes, analytiques, \u00e0 usage interne, n\u00e9cessaires \u00e0 la maintenance des contenus et \u00e0 la navigation, et g\u00e9r\u00e9s exclusivement par ce site web.<\/p>\n<p><strong>Niveau 3:<\/strong> correspond aux cookies g\u00e9r\u00e9s par des tiers qui permettent de suivre l&rsquo;utilisateur sur d&rsquo;autres sites web ou services.<\/p>\n<h2>TABLEAU DES COOKIES UTILIS\u00c9S SUR CE SITE WEB, INDIQUANT LE GESTIONNAIRE DE CEUX-CI LORSQU&rsquo;IL S&rsquo;AGIT D&rsquo;UN TIERS<\/h2>\n<table>\n<thead>\n<tr>\n<th>Cookie<\/th>\n<th>Dur\u00e9e<\/th>\n<th>But<\/th>\n<th>Fonctionnalit\u00e9<\/th>\n<\/tr>\n<\/thead>\n<tbody>\n<tr>\n<td>\n<div>\n<div>wordpress_test_cookie<\/div>\n<\/div>\n<\/td>\n<td>\n<div>\n<div>Session<\/div>\n<\/div>\n<\/td>\n<td>\n<div>\n<div>Ce cookie est utilis\u00e9 pour que le gestionnaire de contenu WordPress v\u00e9rifie si le navigateur a activ\u00e9 les cookies<\/div>\n<\/div>\n<\/td>\n<td>Fonctionnel<\/td>\n<\/tr>\n<tr>\n<td>\n<div>\n<div>wp-wpml_current_language<\/div>\n<\/div>\n<div>\n<div> <\/div>\n<\/div>\n<\/td>\n<td>\n<div>\n<div>Session<\/div>\n<\/div>\n<\/td>\n<td>\n<div>\n<div>\n<div>\n<div>Stocke la langue actuelle. Ce cookie est activ\u00e9 par d\u00e9faut sur les sites qui utilisent la fonctionnalit\u00e9 de filtrage linguistique.<\/div>\n<\/div>\n<\/div>\n<\/div>\n<\/td>\n<td>Fonctionnel<\/td>\n<\/tr>\n<tr>\n<td>\n<div>\n<div>\n<div>\n<div>wp_lang<\/div>\n<\/div>\n<\/div>\n<\/div>\n<\/td>\n<td>\n<div>\n<div>\n<div>\n<div>Session<\/div>\n<\/div>\n<\/div>\n<\/div>\n<\/td>\n<td>\n<div>\n<div>\n<div>\n<div>\n<div>\n<div>Cookie utilis\u00e9 pour stocker les param\u00e8tres de langue.<\/div>\n<\/div>\n<\/div>\n<\/div>\n<\/div>\n<\/div>\n<\/td>\n<td>Fonctionnel<\/td>\n<\/tr>\n<tr>\n<td>_ga<\/td>\n<td>2 ans<\/td>\n<td>Ce nom de cookie est associ\u00e9 \u00e0 Google Universal Analytics, qui est une mise \u00e0 jour importante du service d&rsquo;analyse le plus utilis\u00e9 de Google. Ce cookie est utilis\u00e9 pour distinguer les utilisateurs uniques en attribuant un num\u00e9ro g\u00e9n\u00e9r\u00e9 de mani\u00e8re al\u00e9atoire en tant qu&rsquo;identifiant client. Il est inclus dans chaque demande de page sur un site et est utilis\u00e9 pour calculer les donn\u00e9es de visiteur, de session et de campagne pour les rapports d&rsquo;analyse de site. Par d\u00e9faut, il est configur\u00e9 pour expirer apr\u00e8s 2 ans, bien que cela soit personnalisable par les propri\u00e9taires de sites Web.<\/td>\n<td>Analytique<\/td>\n<\/tr>\n<tr>\n<td>\n<div>\n<div>_ga_*<\/div>\n<\/div>\n<\/td>\n<td>2 ans<\/td>\n<td>\n<div>\n<div>Ce nom de cookie est associ\u00e9 \u00e0 Google Universal Analytics et est utilis\u00e9 pour conserver l&rsquo;\u00e9tat de la session.<\/div>\n<\/div>\n<\/td>\n<td>Analytique<\/td>\n<\/tr>\n<\/tbody>\n<\/table>\n<h3>COMMENT PUIS-JE D\u00c9SACTIVER OU SUPPRIMER CES COOKIES ?<\/h3>\n<p>L&rsquo;utilisateur peut \u00e0 tout moment choisir les cookies qu&rsquo;il souhaite utiliser sur ce site web, par exemple en configurant les param\u00e8tres du navigateur :<\/p>\n<p><em>Internet Explorer: <\/em><a href=\"https:\/\/privacy.microsoft.com\/es-es\/privacystatement\" rel=\"nofollow noopener\" target=\"_blank\"><em>https:\/\/privacy.microsoft.com\/es-es\/privacystatement<\/em><\/a><\/p>\n<p><em>Safari: <\/em><a href=\"https:\/\/www.apple.com\/legal\/privacy\/es\/cookies\/\" rel=\"nofollow noopener\" target=\"_blank\"><em>https:\/\/www.apple.com\/legal\/privacy\/es\/cookies\/<\/em><\/a><\/p>\n<p><em>Google Chrome: <\/em><a href=\"https:\/\/support.google.com\/chrome\/answer\/95647?hl=es&amp;hlrm=en\" rel=\"nofollow noopener\" target=\"_blank\"><em>https:\/\/support.google.com\/chrome\/answer\/95647?hl=es&amp;hlrm=en<\/em><\/a><\/p>\n<p><em>Google: <\/em><a href=\"https:\/\/www.google.com\/intl\/es\/policies\/privacy\/\" rel=\"nofollow noopener\" target=\"_blank\"><em>https:\/\/www.google.com\/intl\/es\/policies\/privacy\/<\/em><\/a><\/p>\n<p><em>Firefox: <\/em><a href=\"http:\/\/support.mozilla.org\/es\/kb\/Borrar%20cookies\" rel=\"nofollow noopener\" target=\"_blank\"><em>http:\/\/support.mozilla.org\/es\/kb\/Borrar%20cookies<\/em><\/a><\/p>\n<p><em>Opera: <\/em><a href=\"https:\/\/www.opera.com\/es\/privacy\" rel=\"nofollow noopener\" target=\"_blank\"><em>https:\/\/www.opera.com\/es\/privacy<\/em><\/a><\/p>\n<p><em>Android (Google): <\/em><a href=\"https:\/\/www.google.com\/intl\/es\/policies\/privacy\/\" rel=\"nofollow noopener\" target=\"_blank\"><em>https:\/\/www.google.com\/intl\/es\/policies\/privacy\/<\/em><\/a><\/p>\n<p><em>Windows Phone (Microsoft): <\/em><a href=\"https:\/\/privacy.microsoft.com\/es-es\/privacystatement\" rel=\"nofollow noopener\" target=\"_blank\"><em>https:\/\/privacy.microsoft.com\/es-es\/privacystatement<\/em><\/a><\/p>\n<h3>CE QUI SE PASSE SI VOUS D\u00c9SACTIVEZ LES COOKIES<\/h3>\n<p>Certaines fonctionnalit\u00e9s des services seront d\u00e9sactiv\u00e9es.<\/p>\n<h3>MISE \u00c0 JOUR DE NOTRE POLITIQUE EN MATI\u00c8RE DE COOKIES<\/h3>\n<p>Nous pouvons mettre \u00e0 jour la politique en mati\u00e8re de cookies sur notre site web, c&rsquo;est pourquoi nous vous recommandons de consulter cette politique chaque fois que vous acc\u00e9dez \u00e0 notre site web afin d&rsquo;\u00eatre correctement inform\u00e9 de la mani\u00e8re dont nous utilisons les cookies et dans quel but.<\/p>\n<p>[\/et_pb_text][\/et_pb_column][\/et_pb_row][\/et_pb_section]<\/p>\n","protected":false},"excerpt":{"rendered":"<p><nav aria-label=\"breadcrumbs\" class=\"rank-math-breadcrumb\"><p><span class=\"last\">Inicio<\/span><\/p><\/nav>La pr\u00e9sente politique en mati\u00e8re de cookies explique ce que sont les cookies et comment nous les utilisons, les types de cookies que nous utilisons, c&rsquo;est-\u00e0-dire les informations que nous recueillons \u00e0 l&rsquo;aide des cookies et la mani\u00e8re dont ces informations sont utilis\u00e9es, ainsi que la mani\u00e8re de contr\u00f4ler les pr\u00e9f\u00e9rences en mati\u00e8re de cookies. [&hellip;]<\/p>\n","protected":false},"author":1,"featured_media":0,"parent":0,"menu_order":0,"comment_status":"closed","ping_status":"closed","template":"","meta":{"_et_pb_use_builder":"on","_et_pb_old_content":"","_et_gb_content_width":"","footnotes":""},"class_list":["post-7918","page","type-page","status-publish","hentry"],"_links":{"self":[{"href":"https:\/\/valladolidhomesuites.com\/fr\/wp-json\/wp\/v2\/pages\/7918","targetHints":{"allow":["GET"]}}],"collection":[{"href":"https:\/\/valladolidhomesuites.com\/fr\/wp-json\/wp\/v2\/pages"}],"about":[{"href":"https:\/\/valladolidhomesuites.com\/fr\/wp-json\/wp\/v2\/types\/page"}],"author":[{"embeddable":true,"href":"https:\/\/valladolidhomesuites.com\/fr\/wp-json\/wp\/v2\/users\/1"}],"replies":[{"embeddable":true,"href":"https:\/\/valladolidhomesuites.com\/fr\/wp-json\/wp\/v2\/comments?post=7918"}],"version-history":[{"count":0,"href":"https:\/\/valladolidhomesuites.com\/fr\/wp-json\/wp\/v2\/pages\/7918\/revisions"}],"wp:attachment":[{"href":"https:\/\/valladolidhomesuites.com\/fr\/wp-json\/wp\/v2\/media?parent=7918"}],"curies":[{"name":"wp","href":"https:\/\/api.w.org\/{rel}","templated":true}]}}