{"id":7875,"date":"2023-07-06T13:19:09","date_gmt":"2023-07-06T11:19:09","guid":{"rendered":"https:\/\/valladolidhomesuites.com\/accessibilite\/"},"modified":"2024-07-18T09:06:31","modified_gmt":"2024-07-18T07:06:31","slug":"accessibilite","status":"publish","type":"page","link":"https:\/\/valladolidhomesuites.com\/fr\/accessibilite\/","title":{"rendered":"Accessibilit\u00e9"},"content":{"rendered":"<p>[et_pb_section fb_built=\u00a0\u00bb1&Prime; admin_label=\u00a0\u00bbBreadcrumbs\u00a0\u00bb module_id=\u00a0\u00bbbreadcrumbs\u00a0\u00bb _builder_version=\u00a0\u00bb4.19.5&Prime; background_color=\u00a0\u00bb#1B42AF\u00a0\u00bb custom_padding=\u00a0\u00bb||||false|false\u00a0\u00bb global_module=\u00a0\u00bb3246&Prime; saved_tabs=\u00a0\u00bball\u00a0\u00bb locked=\u00a0\u00bboff\u00a0\u00bb collapsed=\u00a0\u00bbon\u00a0\u00bb global_colors_info=\u00a0\u00bb{}\u00a0\u00bb][et_pb_row _builder_version=\u00a0\u00bb4.19.5&Prime; custom_padding=\u00a0\u00bb15px||15px||false|false\u00a0\u00bb global_colors_info=\u00a0\u00bb{}\u00a0\u00bb][et_pb_column type=\u00a0\u00bb4_4&Prime; _builder_version=\u00a0\u00bb4.16&Prime; global_colors_info=\u00a0\u00bb{}\u00a0\u00bb][et_pb_code _builder_version=\u00a0\u00bb4.21.0&Prime; text_orientation=\u00a0\u00bbcenter\u00a0\u00bb locked=\u00a0\u00bboff\u00a0\u00bb global_colors_info=\u00a0\u00bb{}\u00a0\u00bb]<nav aria-label=\"breadcrumbs\" class=\"rank-math-breadcrumb\"><p><span class=\"last\">Inicio<\/span><\/p><\/nav>[\/et_pb_code][\/et_pb_column][\/et_pb_row][\/et_pb_section][et_pb_section fb_built=\u00a0\u00bb1&Prime; _builder_version=\u00a0\u00bb4.21.0&Prime; vertical_offset_tablet=\u00a0\u00bb0&Prime; horizontal_offset_tablet=\u00a0\u00bb0&Prime; z_index_tablet=\u00a0\u00bb0&Prime; box_shadow_horizontal_tablet=\u00a0\u00bb0px\u00a0\u00bb box_shadow_vertical_tablet=\u00a0\u00bb0px\u00a0\u00bb box_shadow_blur_tablet=\u00a0\u00bb40px\u00a0\u00bb box_shadow_spread_tablet=\u00a0\u00bb0px\u00a0\u00bb global_colors_info=\u00a0\u00bb{}\u00a0\u00bb][et_pb_row _builder_version=\u00a0\u00bb4.21.0&Prime; background_size=\u00a0\u00bbinitial\u00a0\u00bb background_position=\u00a0\u00bbtop_left\u00a0\u00bb background_repeat=\u00a0\u00bbrepeat\u00a0\u00bb global_colors_info=\u00a0\u00bb{}\u00a0\u00bb][et_pb_column type=\u00a0\u00bb4_4&Prime; _builder_version=\u00a0\u00bb4.16&Prime; custom_padding=\u00a0\u00bb|||\u00a0\u00bb global_colors_info=\u00a0\u00bb{}\u00a0\u00bb custom_padding__hover=\u00a0\u00bb|||\u00a0\u00bb][et_pb_post_title meta=\u00a0\u00bboff\u00a0\u00bb featured_image=\u00a0\u00bboff\u00a0\u00bb module_class=\u00a0\u00bbtitulo-pagina\u00a0\u00bb _builder_version=\u00a0\u00bb4.19.3&Prime; vertical_offset_tablet=\u00a0\u00bb0&Prime; horizontal_offset_tablet=\u00a0\u00bb0&Prime; z_index_tablet=\u00a0\u00bb0&Prime; title_text_shadow_horizontal_length_tablet=\u00a0\u00bb0px\u00a0\u00bb title_text_shadow_vertical_length_tablet=\u00a0\u00bb0px\u00a0\u00bb title_text_shadow_blur_strength_tablet=\u00a0\u00bb1px\u00a0\u00bb meta_text_shadow_horizontal_length_tablet=\u00a0\u00bb0px\u00a0\u00bb meta_text_shadow_vertical_length_tablet=\u00a0\u00bb0px\u00a0\u00bb meta_text_shadow_blur_strength_tablet=\u00a0\u00bb1px\u00a0\u00bb box_shadow_horizontal_tablet=\u00a0\u00bb0px\u00a0\u00bb box_shadow_vertical_tablet=\u00a0\u00bb0px\u00a0\u00bb box_shadow_blur_tablet=\u00a0\u00bb40px\u00a0\u00bb box_shadow_spread_tablet=\u00a0\u00bb0px\u00a0\u00bb text_shadow_horizontal_length_tablet=\u00a0\u00bb0px\u00a0\u00bb text_shadow_vertical_length_tablet=\u00a0\u00bb0px\u00a0\u00bb text_shadow_blur_strength_tablet=\u00a0\u00bb1px\u00a0\u00bb global_colors_info=\u00a0\u00bb{}\u00a0\u00bb][\/et_pb_post_title][et_pb_text _builder_version=\u00a0\u00bb4.27.0&Prime; background_size=\u00a0\u00bbinitial\u00a0\u00bb background_position=\u00a0\u00bbtop_left\u00a0\u00bb background_repeat=\u00a0\u00bbrepeat\u00a0\u00bb hover_enabled=\u00a0\u00bb0&Prime; global_colors_info=\u00a0\u00bb{}\u00a0\u00bb sticky_enabled=\u00a0\u00bb0&Prime;]<\/p>\n<section class=\"elementor-section elementor-top-section elementor-element elementor-element-a82db3d elementor-section-boxed elementor-section-height-default elementor-section-height-default\" data-id=\"a82db3d\" data-element_type=\"section\">\n<div class=\"elementor-container elementor-column-gap-default\">\n<div class=\"elementor-column elementor-col-100 elementor-top-column elementor-element elementor-element-d21d20e\" data-id=\"d21d20e\" data-element_type=\"column\">\n<div class=\"elementor-widget-wrap elementor-element-populated\">\n<div class=\"elementor-element elementor-element-65b0fee elementor-widget elementor-widget-text-editor\" data-id=\"65b0fee\" data-element_type=\"widget\" data-widget_type=\"text-editor.default\">\n<div class=\"elementor-widget-container\">\n<p id=\"tw-target-text\" class=\"tw-data-text tw-text-large tw-ta\" dir=\"ltr\" data-placeholder=\"Traducci\u00f3n\"><span class=\"Y2IQFc\" lang=\"es\"><strong>TURISLASA, S.L<\/strong>. s&rsquo;engage \u00e0 rendre son site Web accessible, conform\u00e9ment au RD 1112\/2018.<\/span><\/p>\n<p class=\"tw-data-text tw-text-large tw-ta\" dir=\"ltr\" data-placeholder=\"Traducci\u00f3n\"><span class=\"Y2IQFc\" lang=\"es\">Cette d\u00e9claration d&rsquo;accessibilit\u00e9 s&rsquo;applique au site web valladolidhomesuites.com.<\/span><\/p>\n<h2 class=\"tw-data-text tw-text-large tw-ta\" dir=\"ltr\" data-placeholder=\"Traducci\u00f3n\"><span class=\"Y2IQFc\" lang=\"es\">\u00c9tat de conformit\u00e9<\/span><\/h2>\n<p class=\"tw-data-text tw-text-large tw-ta\" dir=\"ltr\" data-placeholder=\"Traducci\u00f3n\"><span class=\"Y2IQFc\" lang=\"es\">Ce site web est <strong>partiellement conforme<\/strong> au RD 1112\/2018 en raison des exceptions et de la non-conformit\u00e9 des aspects \u00e9num\u00e9r\u00e9s ci-dessous.<\/span><\/p>\n<p class=\"tw-data-text tw-text-large tw-ta\" dir=\"ltr\" data-placeholder=\"Traducci\u00f3n\"><strong><span class=\"Y2IQFc\" lang=\"es\">Pr\u00e9paration de la pr\u00e9sente d\u00e9claration d&rsquo;accessibilit\u00e9<\/span><\/strong><\/p>\n<p><span class=\"Y2IQFc\" lang=\"es\">Cette d\u00e9claration a \u00e9t\u00e9 \u00e9tablie le 08\/07\/2023.<\/span><\/p>\n<p><span class=\"Y2IQFc\" lang=\"es\">Une auto-\u00e9valuation r\u00e9alis\u00e9e par le d\u00e9veloppeur web.<\/span><\/p>\n<p><span class=\"Y2IQFc\" lang=\"es\"><strong>Derni\u00e8re r\u00e9vision de la d\u00e9claration<\/strong>: 18\/07\/2024.<br \/><\/span><\/p>\n<h2>Contenu non accessible<\/h2>\n<p class=\"swift-in-viewport\">Le contenu ci-dessous n&rsquo;est pas accessible pour les raisons suivantes:<\/p>\n<h3>Non-conformit\u00e9 avec le RD 1112\/2018<\/h3>\n<p class=\"swift-in-viewport\">Un contenu non textuel peut \u00eatre pr\u00e9sent\u00e9 \u00e0 l&rsquo;utilisateur sans alternative textuelle remplissant une fonction \u00e9quivalente. (Exigence num\u00e9ro 9.1.1.1.1 de la norme UNE-EN 301549:2022)<\/p>\n<p class=\"swift-in-viewport\">Il se peut qu&rsquo;il n&rsquo;y ait pas d&rsquo;alternative textuelle ou audio \u00e9quivalente pour le contenu vid\u00e9o pr\u00e9enregistr\u00e9 (exigence num\u00e9ro 9.1.2.1 de la norme UNE-EN 301549:2022).<\/p>\n<p class=\"swift-in-viewport\">Les sous-titres peuvent ne pas \u00eatre disponibles pour tous les contenus audio pr\u00e9enregistr\u00e9s (exigence num\u00e9ro 9.1.2.2 de la norme UNE-EN 301549:2022).<\/p>\n<p class=\"swift-in-viewport\">Il peut y avoir des informations, des structures ou des relations qui ne peuvent pas \u00eatre d\u00e9termin\u00e9es par la programmation ou qui ne sont pas disponibles dans le texte (exigence num\u00e9ro 9.1.3.1 de la norme UNE-EN 301549:2022).<\/p>\n<p class=\"swift-in-viewport\">Chaque champ de saisie peut avoir des objectifs de collecte d&rsquo;informations sur l&rsquo;utilisateur qui ne peuvent pas \u00eatre d\u00e9termin\u00e9s par programme (exigence num\u00e9ro 9.1.3.5 de la norme UNE-EN 301549:2022).<\/p>\n<p class=\"swift-in-viewport\">Il peut y avoir une perte d&rsquo;information dans les petites r\u00e9solutions d&rsquo;\u00e9cran (exigence num\u00e9ro 9.1.4.10 de la norme UNE-EN 301549:2022).<\/p>\n<p class=\"swift-in-viewport\">Il peut y avoir des liens dont l&rsquo;objet ne peut pas \u00eatre d\u00e9termin\u00e9 \u00e0 partir du texte du lien seul ou du texte du lien avec son contexte de lien d\u00e9termin\u00e9 de mani\u00e8re programmatique (exigence num\u00e9ro 9.2.4.4 de la norme UNE-EN 301549:2022).<\/p>\n<p class=\"swift-in-viewport\">Il ne peut y avoir plus d&rsquo;une fa\u00e7on de localiser une page web dans un ensemble de pages web (exigence num\u00e9ro 9.2.4.5 de la norme UNE-EN 301549:2022).<\/p>\n<h3>Charge disproportionn\u00e9e<\/h3>\n<p class=\"swift-in-viewport\">Sans objet.<\/p>\n<h3>Le contenu n&rsquo;entre pas dans le champ d&rsquo;application de la l\u00e9gislation applicable.<\/h3>\n<p class=\"swift-in-viewport\">Il se peut que des fichiers bureautiques au format PDF ou dans d&rsquo;autres formats publi\u00e9s avant le 20 septembre 2018 ne soient pas enti\u00e8rement conformes \u00e0 toutes les exigences en mati\u00e8re d&rsquo;accessibilit\u00e9. Toutefois, des efforts ont \u00e9t\u00e9 d\u00e9ploy\u00e9s pour veiller \u00e0 ce que la plupart d&rsquo;entre eux s&rsquo;y conforment.<\/p>\n<h2 class=\"tw-data-text tw-text-large tw-ta\" dir=\"ltr\" data-placeholder=\"Traducci\u00f3n\"><span class=\"Y2IQFc\" lang=\"es\">Remarques et coordonn\u00e9es:<\/span><\/h2>\n<p class=\"tw-data-text tw-text-large tw-ta\" dir=\"ltr\" data-placeholder=\"Traducci\u00f3n\"><span class=\"Y2IQFc\" lang=\"es\"> Communications sur les exigences en mati\u00e8re d&rsquo;accessibilit\u00e9 : m\u00e9canisme de communication \u00e0 utiliser pour informer <strong>TURISLASA<\/strong>, S.L. du non-respect des exigences en mati\u00e8re d&rsquo;accessibilit\u00e9 et pour demander des informations et des contenus exclus du champ d&rsquo;application de la directive <strong>apartamentos@valladolidhomesuites.com<\/strong><br \/><\/span><\/p>\n<h3 class=\"tw-data-text tw-text-large tw-ta\" dir=\"ltr\" data-placeholder=\"Traducci\u00f3n\"><span class=\"Y2IQFc\" lang=\"es\">Proc\u00e9dure de candidature<\/span><\/h3>\n<p class=\"tw-data-text tw-text-large tw-ta\" dir=\"ltr\" data-placeholder=\"Traducci\u00f3n\"><span class=\"Y2IQFc\" lang=\"es\">Proc\u00e9dure de r\u00e9clamation : La proc\u00e9dure \u00e0 suivre en cas de r\u00e9ponse insatisfaisante \u00e0 la notification ou \u00e0 la demande, conform\u00e9ment \u00e0 l&rsquo;article 7, paragraphe 1, point b), de la directive, est de contacter le <strong>+34 983 35 46 66<\/strong>.<br \/><\/span><\/p>\n<\/div>\n<\/div>\n<\/div>\n<\/div>\n<\/div>\n<\/section>\n<p>&nbsp;<\/p>\n<p>[\/et_pb_text][\/et_pb_column][\/et_pb_row][\/et_pb_section]<\/p>\n","protected":false},"excerpt":{"rendered":"<p><nav aria-label=\"breadcrumbs\" class=\"rank-math-breadcrumb\"><p><span class=\"last\">Inicio<\/span><\/p><\/nav> TURISLASA, S.L. s&rsquo;engage \u00e0 rendre son site Web accessible, conform\u00e9ment au RD 1112\/2018. Cette d\u00e9claration d&rsquo;accessibilit\u00e9 s&rsquo;applique au site web valladolidhomesuites.com. \u00c9tat de conformit\u00e9 Ce site web est partiellement conforme au RD 1112\/2018 en raison des exceptions et de la non-conformit\u00e9 des aspects \u00e9num\u00e9r\u00e9s ci-dessous. Pr\u00e9paration de la pr\u00e9sente d\u00e9claration d&rsquo;accessibilit\u00e9 Cette d\u00e9claration a [&hellip;]<\/p>\n","protected":false},"author":1,"featured_media":0,"parent":0,"menu_order":0,"comment_status":"closed","ping_status":"closed","template":"","meta":{"_et_pb_use_builder":"on","_et_pb_old_content":"","_et_gb_content_width":"","footnotes":""},"class_list":["post-7875","page","type-page","status-publish","hentry"],"_links":{"self":[{"href":"https:\/\/valladolidhomesuites.com\/fr\/wp-json\/wp\/v2\/pages\/7875","targetHints":{"allow":["GET"]}}],"collection":[{"href":"https:\/\/valladolidhomesuites.com\/fr\/wp-json\/wp\/v2\/pages"}],"about":[{"href":"https:\/\/valladolidhomesuites.com\/fr\/wp-json\/wp\/v2\/types\/page"}],"author":[{"embeddable":true,"href":"https:\/\/valladolidhomesuites.com\/fr\/wp-json\/wp\/v2\/users\/1"}],"replies":[{"embeddable":true,"href":"https:\/\/valladolidhomesuites.com\/fr\/wp-json\/wp\/v2\/comments?post=7875"}],"version-history":[{"count":0,"href":"https:\/\/valladolidhomesuites.com\/fr\/wp-json\/wp\/v2\/pages\/7875\/revisions"}],"wp:attachment":[{"href":"https:\/\/valladolidhomesuites.com\/fr\/wp-json\/wp\/v2\/media?parent=7875"}],"curies":[{"name":"wp","href":"https:\/\/api.w.org\/{rel}","templated":true}]}}