{"id":7685,"date":"2023-06-21T12:48:45","date_gmt":"2023-06-21T10:48:45","guid":{"rendered":"https:\/\/valladolidhomesuites.com\/aviso-legal\/"},"modified":"2023-07-07T10:59:00","modified_gmt":"2023-07-07T08:59:00","slug":"aviso-legal","status":"publish","type":"page","link":"https:\/\/valladolidhomesuites.com\/fr\/aviso-legal\/","title":{"rendered":"Aviso legal"},"content":{"rendered":"<p>[et_pb_section fb_built=\u00a0\u00bb1&Prime; admin_label=\u00a0\u00bbBreadcrumbs\u00a0\u00bb module_id=\u00a0\u00bbbreadcrumbs\u00a0\u00bb _builder_version=\u00a0\u00bb4.19.5&Prime; background_color=\u00a0\u00bb#1B42AF\u00a0\u00bb custom_padding=\u00a0\u00bb||||false|false\u00a0\u00bb global_module=\u00a0\u00bb3246&Prime; saved_tabs=\u00a0\u00bball\u00a0\u00bb locked=\u00a0\u00bboff\u00a0\u00bb collapsed=\u00a0\u00bboff\u00a0\u00bb global_colors_info=\u00a0\u00bb{}\u00a0\u00bb][et_pb_row _builder_version=\u00a0\u00bb4.19.5&Prime; custom_padding=\u00a0\u00bb15px||15px||false|false\u00a0\u00bb global_colors_info=\u00a0\u00bb{}\u00a0\u00bb][et_pb_column type=\u00a0\u00bb4_4&Prime; _builder_version=\u00a0\u00bb4.16&Prime; global_colors_info=\u00a0\u00bb{}\u00a0\u00bb][et_pb_code _builder_version=\u00a0\u00bb4.21.0&Prime; text_orientation=\u00a0\u00bbcenter\u00a0\u00bb locked=\u00a0\u00bboff\u00a0\u00bb global_colors_info=\u00a0\u00bb{}\u00a0\u00bb]<nav aria-label=\"breadcrumbs\" class=\"rank-math-breadcrumb\"><p><span class=\"last\">Inicio<\/span><\/p><\/nav>[\/et_pb_code][\/et_pb_column][\/et_pb_row][\/et_pb_section][et_pb_section fb_built=\u00a0\u00bb1&Prime; _builder_version=\u00a0\u00bb4.21.0&Prime; vertical_offset_tablet=\u00a0\u00bb0&Prime; horizontal_offset_tablet=\u00a0\u00bb0&Prime; z_index_tablet=\u00a0\u00bb0&Prime; box_shadow_horizontal_tablet=\u00a0\u00bb0px\u00a0\u00bb box_shadow_vertical_tablet=\u00a0\u00bb0px\u00a0\u00bb box_shadow_blur_tablet=\u00a0\u00bb40px\u00a0\u00bb box_shadow_spread_tablet=\u00a0\u00bb0px\u00a0\u00bb global_colors_info=\u00a0\u00bb{}\u00a0\u00bb][et_pb_row _builder_version=\u00a0\u00bb4.21.0&Prime; background_size=\u00a0\u00bbinitial\u00a0\u00bb background_position=\u00a0\u00bbtop_left\u00a0\u00bb background_repeat=\u00a0\u00bbrepeat\u00a0\u00bb global_colors_info=\u00a0\u00bb{}\u00a0\u00bb][et_pb_column type=\u00a0\u00bb4_4&Prime; _builder_version=\u00a0\u00bb4.16&Prime; custom_padding=\u00a0\u00bb|||\u00a0\u00bb global_colors_info=\u00a0\u00bb{}\u00a0\u00bb custom_padding__hover=\u00a0\u00bb|||\u00a0\u00bb][et_pb_post_title meta=\u00a0\u00bboff\u00a0\u00bb featured_image=\u00a0\u00bboff\u00a0\u00bb module_class=\u00a0\u00bbtitulo-pagina\u00a0\u00bb _builder_version=\u00a0\u00bb4.19.3&Prime; vertical_offset_tablet=\u00a0\u00bb0&Prime; horizontal_offset_tablet=\u00a0\u00bb0&Prime; z_index_tablet=\u00a0\u00bb0&Prime; title_text_shadow_horizontal_length_tablet=\u00a0\u00bb0px\u00a0\u00bb title_text_shadow_vertical_length_tablet=\u00a0\u00bb0px\u00a0\u00bb title_text_shadow_blur_strength_tablet=\u00a0\u00bb1px\u00a0\u00bb meta_text_shadow_horizontal_length_tablet=\u00a0\u00bb0px\u00a0\u00bb meta_text_shadow_vertical_length_tablet=\u00a0\u00bb0px\u00a0\u00bb meta_text_shadow_blur_strength_tablet=\u00a0\u00bb1px\u00a0\u00bb box_shadow_horizontal_tablet=\u00a0\u00bb0px\u00a0\u00bb box_shadow_vertical_tablet=\u00a0\u00bb0px\u00a0\u00bb box_shadow_blur_tablet=\u00a0\u00bb40px\u00a0\u00bb box_shadow_spread_tablet=\u00a0\u00bb0px\u00a0\u00bb text_shadow_horizontal_length_tablet=\u00a0\u00bb0px\u00a0\u00bb text_shadow_vertical_length_tablet=\u00a0\u00bb0px\u00a0\u00bb text_shadow_blur_strength_tablet=\u00a0\u00bb1px\u00a0\u00bb global_colors_info=\u00a0\u00bb{}\u00a0\u00bb][\/et_pb_post_title][et_pb_text _builder_version=\u00a0\u00bb4.21.0&Prime; background_size=\u00a0\u00bbinitial\u00a0\u00bb background_position=\u00a0\u00bbtop_left\u00a0\u00bb background_repeat=\u00a0\u00bbrepeat\u00a0\u00bb hover_enabled=\u00a0\u00bb0&Prime; global_colors_info=\u00a0\u00bb{}\u00a0\u00bb sticky_enabled=\u00a0\u00bb0&Prime;]<\/p>\n<p>L&rsquo;entreprise <strong>Lapelabu SL<\/strong>, ci-apr\u00e8s Lapelabu, est le propri\u00e9taire de ce site web, dont le si\u00e8ge social est situ\u00e9 \u00e0 <strong>C\/ H\u00e9roes de Alc\u00e1ntara 8, 47001 Valladolid (ESPAGNE)<\/strong> et avec <strong>NIF: B47775002<\/strong>, e-mail <strong>apartamentos@valladolidhomesuites.com<\/strong>, o <strong>javierlasa@lapelabu.com<\/strong>, t\u00e9l\u00e9phone <strong>+34 680 995 754<\/strong> et <strong>983 35 46 66<\/strong>.<\/p>\n<p>L&rsquo;utilisation de ce site web attribue la condition d&rsquo;Utilisateur \u00e0 la personne qui le fait et implique l&rsquo;acceptation de toutes les conditions incluses dans cet Avis L\u00e9gal. Si l&rsquo;utilisateur d\u00e9cide de ne pas accepter l&rsquo;une des conditions susmentionn\u00e9es ou exprime une quelconque r\u00e9serve, il doit s&rsquo;abstenir d&rsquo;utiliser le site web. Certains aspects de cette page Web, en raison de leur sp\u00e9cificit\u00e9, peuvent \u00eatre soumis \u00e0 des conditions ou \u00e0 des r\u00e8gles particuli\u00e8res qui peuvent remplacer, compl\u00e9ter ou modifier le pr\u00e9sent avis juridique, et qui doivent donc \u00e9galement \u00eatre lues et accept\u00e9es par l&rsquo;utilisateur.<\/p>\n<p>Tous les contenus de cette page Web (textes, photographies, graphiques, images, technologie, logiciels, liens, contenus audiovisuels ou sonores, conception graphique, code source, etc.), ainsi que les marques et autres signes distinctifs sont la propri\u00e9t\u00e9 de <strong>Lapelabu SL<\/strong>, et l&rsquo;utilisateur n&rsquo;acquiert aucun droit sur ces derniers par la simple utilisation de cette page Web.<\/p>\n<p><strong>Lapelabu SL<\/strong> n&rsquo;est pas responsable des opinions exprim\u00e9es par les auteurs dans les publications \u00e9dit\u00e9es par elle, quel que soit le support, ni des cons\u00e9quences d\u00e9coulant de l&rsquo;application aux cas concrets desdites opinions. De m\u00eame, <strong>Lapelabu SL<\/strong> n&rsquo;est pas responsable des commentaires faits par les utilisateurs sur les activit\u00e9s, le mat\u00e9riel et les \u00e9v\u00e9nements mis \u00e0 leur disposition sur ce site web.<\/p>\n<p>Il est interdit d&rsquo;utiliser ce site dans le but de porter atteinte \u00e0 la propri\u00e9t\u00e9, aux droits ou aux int\u00e9r\u00eats de <strong>Lapelabu SL<\/strong> ou de tiers.<\/p>\n<p>IIl est \u00e9galement interdit de faire tout autre usage de ce site web qui alt\u00e8re, endommage ou rende inutilisables les r\u00e9seaux, serveurs, \u00e9quipements, produits et logiciels de <strong>Lapelabu SL<\/strong> ou de tiers.<\/p>\n<p>L&rsquo;Utilisateur doit s&rsquo;abstenir de : a) reproduire, copier, distribuer, mettre \u00e0 disposition de tiers, communiquer publiquement, transformer ou modifier les contenus de ce site web, sauf dans les cas pr\u00e9vus par la loi ou express\u00e9ment autoris\u00e9s par <strong>Lapelabu SL <\/strong>ou par le titulaire desdits droits ; b) reproduire ou copier pour un usage priv\u00e9 les logiciels ou les bases de donn\u00e9es existant sur ce site web, ainsi que les communiquer publiquement ou les mettre \u00e0 disposition de tiers lorsque cela implique leur reproduction ; c) extraire ou r\u00e9utiliser la totalit\u00e9 ou une partie substantielle des contenus de ce site web. ou r\u00e9utiliser la totalit\u00e9 ou une partie substantielle des contenus de ce site web. En tout \u00e9tat de cause, l&rsquo;utilisation ou la reproduction de contenus ou de bases de donn\u00e9es express\u00e9ment autoris\u00e9e par <strong>Lapelabu SL<\/strong>.<\/p>\n<p>Les utilisateurs qui souhaitent introduire des liens vers ce site Web doivent respecter les conditions suivantes : a) il est interdit d&rsquo;\u00e9tablir des cadres ou des trames de toute nature qui entourent la page Web ou qui permettent de la visualiser \u00e0 travers diff\u00e9rentes adresses Internet ou conjointement avec des contenus ext\u00e9rieurs \u00e0 cette page Web, de telle sorte que cela produise ou puisse produire une erreur ou une confusion chez les utilisateurs quant \u00e0 l&rsquo;origine du service ou de son contenu, implique un acte de comparaison d\u00e9loyale ou d&rsquo;imitation, serve \u00e0 tirer profit de la r\u00e9putation, de la marque et du prestige de VALLADOLIDHOME SUITES ou de ses clients ou soit fait de toute autre mani\u00e8re interdite par la loi ; b) epuis la page qui \u00e9tablit le lien, aucune d\u00e9claration fausse ou inexacte ne peut \u00eatre faite sur VALLADOLIDHOME SUITES, sur la qualit\u00e9 de ses services ou sur ses fournisseurs, employ\u00e9s ou clients ; c) L&rsquo;exp\u00e9diteur ne pourra pas utiliser la marque ou tout autre signe distinctif de VALLADOLIDHOME SUITES dans sa page web, sauf dans les cas autoris\u00e9s par la loi ou express\u00e9ment permis par Lapelabu; la page qui \u00e9tablit le lien doit respecter la l\u00e9gislation en vigueur et ne peut pas fournir ou \u00e9tablir un lien vers un contenu illicite, nuisible, contraire \u00e0 la morale et aux bonnes m\u0153urs, qui produit ou peut produire la fausse id\u00e9e qui <strong>Lapelabu SL<\/strong> approuve ou soutient les id\u00e9es, d\u00e9clarations ou actions de l&rsquo;exp\u00e9diteur ou qui sont inappropri\u00e9es par rapport \u00e0 l&rsquo;activit\u00e9 r\u00e9alis\u00e9e par VALLADOLIDHOME SUITES, \u00e0 travers Cartera Eosa SL son mandant, et ses clients, compte tenu du contenu et de l&rsquo;objet g\u00e9n\u00e9ral du site web sur lequel le lien est \u00e9tabli.<\/p>\n<p><strong>Lapelabu SL<\/strong> n&rsquo;est pas tenue de s&rsquo;assurer que ce site web ne contient pas de code malveillant ou tout autre \u00e9l\u00e9ment informatique nuisible susceptible d&rsquo;endommager le syst\u00e8me informatique de l&rsquo;UTILISATEUR ou celui de tiers. Il incombe \u00e0 l&rsquo;UTILISATEUR, dans tous les cas, de disposer d&rsquo;outils ad\u00e9quats pour la d\u00e9tection et la d\u00e9sinfection de ces \u00e9l\u00e9ments. Par cons\u00e9quent, <strong>Lapelabu SL<\/strong> n&rsquo;est pas responsable des dommages caus\u00e9s aux \u00e9quipements informatiques lors de l&rsquo;acc\u00e8s \u00e0 ce site web. De m\u00eame, <strong>Lapelabu SL<\/strong> n&rsquo;est pas responsable des dommages caus\u00e9s aux utilisateurs lorsque ces dommages sont dus \u00e0 des d\u00e9fauts ou \u00e0 des d\u00e9connexions des r\u00e9seaux de t\u00e9l\u00e9communications qui interrompent le service de cette page Web.<\/p>\n<p>Cette page Web peut inclure des dispositifs techniques de liaison qui permettent \u00e0 l&rsquo;utilisateur d&rsquo;acc\u00e9der \u00e0 d&rsquo;autres pages Internet (liens). <strong>Lapelabu SL<\/strong> n&rsquo;a aucune connaissance des contenus et des services des liens et n&rsquo;assume donc aucune responsabilit\u00e9 pour les dommages d\u00e9coulant de leur manque de qualit\u00e9, de leur caract\u00e8re obsol\u00e8te, de leur indisponibilit\u00e9, de leur erreur, de leur inutilit\u00e9 ou de leur ill\u00e9galit\u00e9, et n&rsquo;est pas responsable des d\u00e9clarations faites ou des contenus ou services fournis \u00e0 travers ces liens. Si un utilisateur se rend compte que les liens renvoient \u00e0 des pages dont les contenus ou les services sont illicites, nuisibles, d\u00e9nigrants, violents ou immoraux, il peut contacter Lapleabu en le signalant.<\/p>\n<p>La souscription de produits et services de VALLADOLIDHOME SUITES, par l&rsquo;interm\u00e9diaire de Cartera Eosa SL en tant que mandant, et l&rsquo;inscription aux activit\u00e9s organis\u00e9es par celle-ci que les utilisateurs r\u00e9alisent par l&rsquo;interm\u00e9diaire de ce site web, \u00e0 titre on\u00e9reux ou gratuit, impliquent l&rsquo;acceptation n\u00e9cessaire des conditions g\u00e9n\u00e9rales de souscription, qui sont disponibles sur le site web. Si l&rsquo;utilisateur n&rsquo;accepte pas l&rsquo;une des r\u00e8gles \u00e9tablies dans le document susmentionn\u00e9 ou \u00e9met une quelconque r\u00e9serve, il doit s&rsquo;abstenir de r\u00e9aliser tout type de contrat ou d&rsquo;inscription par l&rsquo;interm\u00e9diaire de ce dernier.<\/p>\n<p>Il arrive que l&rsquo;utilisateur qui souhaite souscrire un service ou un produit disponible sur le site web de VALLADOLIDHOME SUITES soit redirig\u00e9, apr\u00e8s avoir s\u00e9lectionn\u00e9 l&rsquo;option \u00ab\u00a0Acheter\u00a0\u00bb, \u00ab\u00a0T\u00e9l\u00e9charger\u00a0\u00bb, \u00ab\u00a0Acheter\u00a0\u00bb, etc., vers des adresses de contact ou des sites web de tiers avec lesquels Cartera Eosa SL, en son nom ou en tant que mandant de Lapelabu, a conclu des accords de collaboration ou avec lesquels elle a de bonnes r\u00e9f\u00e9rences ou dont elle conna\u00eet le prestige. Dans ce cas, l&rsquo;utilisateur contractera directement avec ces tiers les services ou produits propos\u00e9s sur le site web de VALLADOLIDHOME SUITES.<\/p>\n<p><strong>Lapelabu SL<\/strong> n&rsquo;est pas responsable des contrats conclus directement par le biais de ces adresses de contact ou sites web de tiers et il incombera \u00e0 l&rsquo;utilisateur, sans pr\u00e9judice de l&rsquo;information \u00e9ventuellement fournie par Cartera Eosa SL en son nom ou en tant que mandant de Lapelabu, au moment de choisir ces services ou produits, de v\u00e9rifier le domaine de l&rsquo;adresse de contact ou du site web et l&rsquo;identit\u00e9 du tiers avec lequel le contrat de services ou l&rsquo;achat de produits est conclu, et d&rsquo;accepter les conditions l\u00e9gales qui leur sont applicables.<\/p>\n<p>Le pr\u00e9sent avis juridique est r\u00e9gi par la l\u00e9gislation espagnole et les cours et tribunaux espagnols sont comp\u00e9tents pour conna\u00eetre de toute question relative \u00e0 son interpr\u00e9tation, son application et son respect. L&rsquo;utilisateur, en vertu de l&rsquo;acceptation des conditions contenues dans le pr\u00e9sent avis juridique, renonce express\u00e9ment \u00e0 toute autre juridiction qui, en application de la loi en vigueur, pourrait lui correspondre. En tout \u00e9tat de cause, si la l\u00e9gislation en vigueur permet \u00e0 l&rsquo;utilisateur de se soumettre \u00e0 une juridiction sp\u00e9cifique, l&rsquo;utilisateur se soumet volontairement \u00e0 la juridiction des cours et tribunaux de la ville de Valladolid. L&rsquo;utilisateur sera responsable envers <strong>Lapelabu SL<\/strong> et envers les tiers de tout dommage qui pourrait \u00eatre caus\u00e9 par la violation de ces obligations\u00a0\u00bb.<\/p>\n<p>&nbsp;<\/p>\n<p>[\/et_pb_text][\/et_pb_column][\/et_pb_row][\/et_pb_section]<\/p>\n","protected":false},"excerpt":{"rendered":"<p><nav aria-label=\"breadcrumbs\" class=\"rank-math-breadcrumb\"><p><span class=\"last\">Inicio<\/span><\/p><\/nav>L&rsquo;entreprise Lapelabu SL, ci-apr\u00e8s Lapelabu, est le propri\u00e9taire de ce site web, dont le si\u00e8ge social est situ\u00e9 \u00e0 C\/ H\u00e9roes de Alc\u00e1ntara 8, 47001 Valladolid (ESPAGNE) et avec NIF: B47775002, e-mail apartamentos@valladolidhomesuites.com, o javierlasa@lapelabu.com, t\u00e9l\u00e9phone +34 680 995 754 et 983 35 46 66. L&rsquo;utilisation de ce site web attribue la condition d&rsquo;Utilisateur \u00e0 [&hellip;]<\/p>\n","protected":false},"author":1,"featured_media":0,"parent":0,"menu_order":0,"comment_status":"closed","ping_status":"closed","template":"","meta":{"_et_pb_use_builder":"on","_et_pb_old_content":"","_et_gb_content_width":"","footnotes":""},"class_list":["post-7685","page","type-page","status-publish","hentry"],"_links":{"self":[{"href":"https:\/\/valladolidhomesuites.com\/fr\/wp-json\/wp\/v2\/pages\/7685","targetHints":{"allow":["GET"]}}],"collection":[{"href":"https:\/\/valladolidhomesuites.com\/fr\/wp-json\/wp\/v2\/pages"}],"about":[{"href":"https:\/\/valladolidhomesuites.com\/fr\/wp-json\/wp\/v2\/types\/page"}],"author":[{"embeddable":true,"href":"https:\/\/valladolidhomesuites.com\/fr\/wp-json\/wp\/v2\/users\/1"}],"replies":[{"embeddable":true,"href":"https:\/\/valladolidhomesuites.com\/fr\/wp-json\/wp\/v2\/comments?post=7685"}],"version-history":[{"count":0,"href":"https:\/\/valladolidhomesuites.com\/fr\/wp-json\/wp\/v2\/pages\/7685\/revisions"}],"wp:attachment":[{"href":"https:\/\/valladolidhomesuites.com\/fr\/wp-json\/wp\/v2\/media?parent=7685"}],"curies":[{"name":"wp","href":"https:\/\/api.w.org\/{rel}","templated":true}]}}